{"id":14,"date":"2024-04-05T21:32:21","date_gmt":"2024-04-05T21:32:21","guid":{"rendered":"https:\/\/tomaszmagon.pl\/?page_id=14"},"modified":"2026-01-30T19:26:17","modified_gmt":"2026-01-30T19:26:17","slug":"strona-glowna","status":"publish","type":"page","link":"https:\/\/tomaszmagon.pl\/","title":{"rendered":""},"content":{"rendered":"\n<h2 class=\"wp-block-heading alignfull has-text-align-center has-text-color has-link-color wp-elements-fd8178e33a060ffc5d0946dd5e49296f\" style=\"color:#0e0d44;line-height:1.1\">Tw\u00f3j Ginekolog<\/h2>\n\n\n\n<h5 class=\"wp-block-heading alignfull has-text-color has-background has-link-color wp-elements-bdb99088c5df9479c227ac06af12e38c\" id=\"o-mnie\" style=\"color:#ff66c4;background-color:#ff66c4;line-height:1.1\"><\/h5>\n\n\n\n<div class=\"wp-block-columns alignfull has-background is-layout-flex wp-container-core-columns-is-layout-28f84493 wp-block-columns-is-layout-flex\" id=\"o-mnie\" style=\"background-color:#0e0d44\">\n<div class=\"wp-block-column is-layout-flow wp-block-column-is-layout-flow\" style=\"flex-basis:100%\">\n<div class=\"wp-block-media-text is-stacked-on-mobile\"><figure class=\"wp-block-media-text__media\"><img loading=\"lazy\" decoding=\"async\" width=\"934\" height=\"1024\" src=\"http:\/\/tomaszmagon.pl\/wp-content\/uploads\/2024\/04\/FF66C4-1-e1712415013143-934x1024.png\" alt=\"\" class=\"wp-image-23 size-full\" srcset=\"https:\/\/tomaszmagon.pl\/wp-content\/uploads\/2024\/04\/FF66C4-1-e1712415013143-934x1024.png 934w, https:\/\/tomaszmagon.pl\/wp-content\/uploads\/2024\/04\/FF66C4-1-e1712415013143-274x300.png 274w, https:\/\/tomaszmagon.pl\/wp-content\/uploads\/2024\/04\/FF66C4-1-e1712415013143-768x842.png 768w, https:\/\/tomaszmagon.pl\/wp-content\/uploads\/2024\/04\/FF66C4-1-e1712415013143-920x1008.png 920w, https:\/\/tomaszmagon.pl\/wp-content\/uploads\/2024\/04\/FF66C4-1-e1712415013143-575x630.png 575w, https:\/\/tomaszmagon.pl\/wp-content\/uploads\/2024\/04\/FF66C4-1-e1712415013143-380x416.png 380w, https:\/\/tomaszmagon.pl\/wp-content\/uploads\/2024\/04\/FF66C4-1-e1712415013143.png 1116w\" sizes=\"auto, (max-width: 934px) 100vw, 934px\" \/><\/figure><div class=\"wp-block-media-text__content\">\n<h4 class=\"wp-block-heading has-text-color has-link-color wp-elements-5e17a87fcb4e3fab9775953fe34013c1\" style=\"color:#ffffff\">Dr n. med. Tomasz Mago\u0144<\/h4>\n\n\n\n<h5 class=\"wp-block-heading has-text-color has-link-color wp-elements-6c4e5545fa890cc760d14edbd65127d0\" style=\"color:#ff66c4\">Specjalista Ginekologii i Po\u0142o\u017cnictwa<br><br>Specjalista endokrynologii ginekologicznej i medycyny rozrodu<br><br>Androlog kliniczny<\/h5>\n\n\n\n<p class=\"has-text-color has-link-color wp-elements-0cff01a04a3bb35cca2e855c804ccc70\" style=\"color:#ffffff\">Do\u015bwiadczenie zawodowe:<\/p>\n\n\n\n<ul style=\"color:#fefefe\" class=\"wp-block-list has-text-color has-link-color wp-elements-24a082d8bdbccb1779bb8dac5a15dfbf\">\n<li>Oddzia\u0142 Ginekologii i Po\u0142o\u017cnictwa Wojew\u00f3dzkiego Szpitala Specjalistycznego w Rzeszowie<\/li>\n\n\n\n<li>Oddzia\u0142 Ginekologii i Po\u0142o\u017cnictwa Szpitala Specjalistycznego ProFamilia w Rzeszowie<\/li>\n\n\n\n<li>Centrum Leczenia Niep\u0142odno\u015bci Parens w Rzeszowie<\/li>\n\n\n\n<li>Klinika Bocian w Rzeszowie <strong>(od maja 2024, nowo powstaj\u0105cy oddzia\u0142)<\/strong><br><br>Stopie\u0144 doktora nauk medycznych uzyska\u0142em w roku 2006 w Instytucie Matki i Dziecka w Warszawie.<\/li>\n<\/ul>\n<\/div><\/div>\n<\/div>\n<\/div>\n\n\n\n<h2 class=\"wp-block-heading alignfull has-text-align-center has-text-color has-link-color wp-elements-96de6e6511932bbaec05886d308256c1\" id=\"uslugi\" style=\"color:#0e0d44\">Us\u0142ugi<\/h2>\n\n\n\n<h5 class=\"wp-block-heading alignfull has-background\" style=\"background-color:#ff66c4\"><\/h5>\n\n\n\n<div class=\"wp-block-columns is-not-stacked-on-mobile is-layout-flex wp-container-core-columns-is-layout-28f84493 wp-block-columns-is-layout-flex\">\n<div class=\"wp-block-column is-layout-flow wp-block-column-is-layout-flow\" style=\"flex-basis:25%\">\n<h5 class=\"wp-block-heading\">Prowadzenie ci\u0105\u017cy<\/h5>\n\n\n\n<p>&#8211; opieka przedporodowa,<br>&#8211; opieka poporodowa.<\/p>\n<\/div>\n\n\n\n<div class=\"wp-block-column is-layout-flow wp-block-column-is-layout-flow\" style=\"flex-basis:25%\">\n<h5 class=\"wp-block-heading\">USG ginekologiczne<\/h5>\n<\/div>\n\n\n\n<div class=\"wp-block-column is-layout-flow wp-block-column-is-layout-flow\" style=\"flex-basis:25%\">\n<h5 class=\"wp-block-heading\">Leczenie endometriozy<\/h5>\n<\/div>\n\n\n\n<div class=\"wp-block-column is-layout-flow wp-block-column-is-layout-flow\" style=\"flex-basis:25%\">\n<h5 class=\"wp-block-heading\">Diagnostyka oraz leczenie stan\u00f3w zapalnych dr\u00f3g rodnych<\/h5>\n<\/div>\n<\/div>\n\n\n\n<div class=\"wp-block-columns is-not-stacked-on-mobile is-layout-flex wp-container-core-columns-is-layout-28f84493 wp-block-columns-is-layout-flex\">\n<div class=\"wp-block-column is-layout-flow wp-block-column-is-layout-flow\">\n<h5 class=\"wp-block-heading\">Endokrynologia ginekologiczna<\/h5>\n\n\n\n<p>&#8211; leczenie zaburze\u0144 miesi\u0105czkowania,<br>&#8211; leczenie zaburze\u0144 okresu menopauzy.<\/p>\n<\/div>\n\n\n\n<div class=\"wp-block-column is-layout-flow wp-block-column-is-layout-flow\">\n<h5 class=\"wp-block-heading\">Leczenie niep\u0142odno\u015bci<\/h5>\n\n\n\n<p>&#8211; diagnostyka niep\u0142odno\u015bci \u017ce\u0144skiej i m\u0119skiej,<br>&#8211; dro\u017cno\u015b\u0107 jajowod\u00f3w,<br>&#8211; stymulacja i monitorowanie owulacji,<br>&#8211; inseminacja i IVF (in vitro).<\/p>\n<\/div>\n\n\n\n<div class=\"wp-block-column is-layout-flow wp-block-column-is-layout-flow\">\n<h5 class=\"wp-block-heading\">Cytologia<\/h5>\n\n\n\n<p>&#8211; konwencjonalna,<br>&#8211; p\u0142ynna,<br>&#8211; diagnostyka HPV,<br>&#8211; CINTec Plus.<\/p>\n<\/div>\n\n\n\n<div class=\"wp-block-column is-layout-flow wp-block-column-is-layout-flow\">\n<h5 class=\"wp-block-heading\">Antykoncepcja<\/h5>\n\n\n\n<p>&#8211; tabletki hormonalne,<br>&#8211; wk\u0142adka domaciczna,<br>&#8211; implanty antykoncepcyjne.<\/p>\n<\/div>\n<\/div>\n\n\n\n<div class=\"wp-block-columns is-not-stacked-on-mobile is-layout-flex wp-container-core-columns-is-layout-28f84493 wp-block-columns-is-layout-flex\">\n<div class=\"wp-block-column is-layout-flow wp-block-column-is-layout-flow\">\n<h5 class=\"wp-block-heading\">Biopsja aspiracyjna endometrium<\/h5>\n\n\n\n<p>&#8211; badania histopatologiczne,<br>&#8211; diagnostyka przewlek\u0142ego zapalenia b\u0142ony \u015bluzowej macicy.<\/p>\n<\/div>\n\n\n\n<div class=\"wp-block-column is-layout-flow wp-block-column-is-layout-flow\">\n<h5 class=\"wp-block-heading\">Ginekologia zabiegowa<\/h5>\n\n\n\n<p>leczenie chor\u00f3b:<br>&#8211; szyjki macicy,<br>&#8211; trzonu macicy,<br>&#8211; sromu,<br>&#8211; pochwy.<\/p>\n<\/div>\n\n\n\n<div class=\"wp-block-column is-layout-flow wp-block-column-is-layout-flow\">\n<h5 class=\"wp-block-heading\">Leczenie operacyjne<\/h5>\n\n\n\n<p>&#8211; histeroskopia,<br>&#8211; laparoskopia,<br>&#8211; laparotomia.<\/p>\n<\/div>\n\n\n\n<div class=\"wp-block-column is-layout-flow wp-block-column-is-layout-flow\">\n<h5 class=\"wp-block-heading\">Diagnostyka molekularna<\/h5>\n\n\n\n<p>&#8211; zaka\u017cenia,<br>&#8211; diagnostyka prenatalna (HARMONY),<br>&#8211; niep\u0142odno\u015b\u0107,<br>&#8211; poronienia nawykowe,<br>&#8211; BRCA.<\/p>\n<\/div>\n<\/div>\n\n\n\n<h2 class=\"wp-block-heading alignfull has-text-align-center has-text-color has-background has-link-color wp-elements-ee63b17a623c24a01a2da409259bf0c4\" id=\"gabinet\" style=\"color:#ffffff;background-color:#0e0d44\">Gabinet<\/h2>\n\n\n\n<p class=\"has-text-align-center has-text-color has-link-color wp-elements-1e2e337d456ed841018886e16d721873\" style=\"color:#010101\">Zapraszamy do naszego nowoczesnego gabinetu ginekologicznego, gdzie \u0142\u0105czymy profesjonaln\u0105 opiek\u0119 z wygod\u0105 i komfortem. Nasza poczekalnia to miejsce relaksu, wyposa\u017cone w ekspres kapsu\u0142kowy, aby\u015b mog\u0142a delektowa\u0107 si\u0119 ulubion\u0105 kaw\u0105, oraz wod\u0119 mineraln\u0105, dbaj\u0105c\u0105 o Twoje nawodnienie. Nasz przyjazny personel zawsze jest gotowy, by zapewni\u0107 Ci wsparcie i odpowiedzie\u0107 na wszelkie pytania.<\/p>\n\n\n\n<figure class=\"wp-block-gallery alignfull has-nested-images columns-default is-cropped wp-block-gallery-1 is-layout-flex wp-block-gallery-is-layout-flex\">\n<figure class=\"wp-block-image size-large is-style-rounded\"><img loading=\"lazy\" decoding=\"async\" width=\"724\" height=\"1024\" data-id=\"60\" src=\"https:\/\/tomaszmagon.pl\/wp-content\/uploads\/2024\/04\/FF66C4-5-724x1024.png\" alt=\"\" class=\"wp-image-60\" srcset=\"https:\/\/tomaszmagon.pl\/wp-content\/uploads\/2024\/04\/FF66C4-5-724x1024.png 724w, https:\/\/tomaszmagon.pl\/wp-content\/uploads\/2024\/04\/FF66C4-5-212x300.png 212w, https:\/\/tomaszmagon.pl\/wp-content\/uploads\/2024\/04\/FF66C4-5-768x1086.png 768w, https:\/\/tomaszmagon.pl\/wp-content\/uploads\/2024\/04\/FF66C4-5-1086x1536.png 1086w, https:\/\/tomaszmagon.pl\/wp-content\/uploads\/2024\/04\/FF66C4-5-1140x1612.png 1140w, https:\/\/tomaszmagon.pl\/wp-content\/uploads\/2024\/04\/FF66C4-5-920x1301.png 920w, https:\/\/tomaszmagon.pl\/wp-content\/uploads\/2024\/04\/FF66C4-5-575x813.png 575w, https:\/\/tomaszmagon.pl\/wp-content\/uploads\/2024\/04\/FF66C4-5-380x537.png 380w, https:\/\/tomaszmagon.pl\/wp-content\/uploads\/2024\/04\/FF66C4-5.png 1414w\" sizes=\"auto, (max-width: 724px) 100vw, 724px\" \/><\/figure>\n\n\n\n<figure class=\"wp-block-image size-large is-style-rounded\"><img loading=\"lazy\" decoding=\"async\" width=\"724\" height=\"1024\" data-id=\"59\" src=\"https:\/\/tomaszmagon.pl\/wp-content\/uploads\/2024\/04\/FF66C4-4-724x1024.png\" alt=\"\" class=\"wp-image-59\" srcset=\"https:\/\/tomaszmagon.pl\/wp-content\/uploads\/2024\/04\/FF66C4-4-724x1024.png 724w, https:\/\/tomaszmagon.pl\/wp-content\/uploads\/2024\/04\/FF66C4-4-212x300.png 212w, https:\/\/tomaszmagon.pl\/wp-content\/uploads\/2024\/04\/FF66C4-4-768x1086.png 768w, https:\/\/tomaszmagon.pl\/wp-content\/uploads\/2024\/04\/FF66C4-4-1086x1536.png 1086w, https:\/\/tomaszmagon.pl\/wp-content\/uploads\/2024\/04\/FF66C4-4-1140x1612.png 1140w, https:\/\/tomaszmagon.pl\/wp-content\/uploads\/2024\/04\/FF66C4-4-920x1301.png 920w, https:\/\/tomaszmagon.pl\/wp-content\/uploads\/2024\/04\/FF66C4-4-575x813.png 575w, https:\/\/tomaszmagon.pl\/wp-content\/uploads\/2024\/04\/FF66C4-4-380x537.png 380w, https:\/\/tomaszmagon.pl\/wp-content\/uploads\/2024\/04\/FF66C4-4.png 1414w\" sizes=\"auto, (max-width: 724px) 100vw, 724px\" \/><\/figure>\n\n\n\n<figure class=\"wp-block-image size-large is-style-rounded\"><img loading=\"lazy\" decoding=\"async\" width=\"724\" height=\"1024\" data-id=\"61\" src=\"https:\/\/tomaszmagon.pl\/wp-content\/uploads\/2024\/04\/FF66C4-3-724x1024.png\" alt=\"\" class=\"wp-image-61\" srcset=\"https:\/\/tomaszmagon.pl\/wp-content\/uploads\/2024\/04\/FF66C4-3-724x1024.png 724w, https:\/\/tomaszmagon.pl\/wp-content\/uploads\/2024\/04\/FF66C4-3-212x300.png 212w, https:\/\/tomaszmagon.pl\/wp-content\/uploads\/2024\/04\/FF66C4-3-768x1086.png 768w, https:\/\/tomaszmagon.pl\/wp-content\/uploads\/2024\/04\/FF66C4-3-1086x1536.png 1086w, https:\/\/tomaszmagon.pl\/wp-content\/uploads\/2024\/04\/FF66C4-3-1140x1612.png 1140w, https:\/\/tomaszmagon.pl\/wp-content\/uploads\/2024\/04\/FF66C4-3-920x1301.png 920w, https:\/\/tomaszmagon.pl\/wp-content\/uploads\/2024\/04\/FF66C4-3-575x813.png 575w, https:\/\/tomaszmagon.pl\/wp-content\/uploads\/2024\/04\/FF66C4-3-380x537.png 380w, https:\/\/tomaszmagon.pl\/wp-content\/uploads\/2024\/04\/FF66C4-3.png 1414w\" sizes=\"auto, (max-width: 724px) 100vw, 724px\" \/><\/figure>\n<\/figure>\n\n\n\n<h5 class=\"wp-block-heading has-text-align-center has-text-color has-background has-link-color wp-elements-60e5c784ccc26e553441224a7e4846a9\" style=\"color:#ffffff;background-color:#ff66c4\"><strong>Do\u015bwiadcz kompleksowej opieki ginekologicznej w przyjemnym otoczeniu &#8211; um\u00f3w si\u0119 na wizyt\u0119 ju\u017c dzi\u015b!<\/strong><\/h5>\n\n\n\n<h2 class=\"wp-block-heading alignfull has-text-align-center has-text-color has-background has-link-color wp-elements-ddf6bc454c5afe35e00afee3d547a174\" id=\"kontakt\" style=\"color:#ffffff;background-color:#0e0d44\">Kontakt<\/h2>\n\n\n\n<div class=\"wp-block-columns alignfull are-vertically-aligned-top has-background is-layout-flex wp-container-core-columns-is-layout-28f84493 wp-block-columns-is-layout-flex\" style=\"background-color:#0e0d44\">\n<div class=\"wp-block-column is-layout-flow wp-block-column-is-layout-flow\">\n<h5 class=\"wp-block-heading alignwide has-text-align-center has-text-color has-background has-link-color wp-elements-cc2db87554ad74972ee0b4d6a4982351\" style=\"color:#ffffff;background-color:#ff66c4\"><strong>Godziny pracy gabinetu:<\/strong><\/h5>\n\n\n\n<p class=\"has-text-align-right has-text-color has-link-color has-normal-font-size wp-elements-135e62934516c02d05991cd6ddb5769a\" style=\"color:#ffffff\">Poniedzia\u0142ek\u2026\u2026\u2026\u2026&#8230;&#8230;&#8230;. 14:00-18:30<br>\u015aroda\u2026\u2026\u2026\u2026\u2026\u2026\u2026&#8230;&#8230;.\u2026. 14:00-17:00<br>Czwartek&#8230;\u2026\u2026&#8230;\u2026&#8230;\u2026\u2026..\u00a0 14:00-18:30<\/p>\n<\/div>\n\n\n\n<div class=\"wp-block-column is-layout-flow wp-block-column-is-layout-flow\">\n<h5 class=\"wp-block-heading alignwide has-text-align-center has-text-color has-background has-link-color wp-elements-200d411f8c556ae925b64bfef4a2ed5b\" style=\"color:#ffffff;background-color:#ff66c4\"><strong>ADRES<\/strong>:<\/h5>\n\n\n\n<p class=\"has-text-align-center has-text-color has-link-color wp-elements-65accdc12d324f40012be70df4a3783f\" style=\"color:#fefefe\"><strong>MAG-MED<\/strong>, Gabinet 2<br>ul. Litewska 33b\/2, Rzesz\u00f3w<\/p>\n<\/div>\n\n\n\n<div class=\"wp-block-column is-vertically-aligned-top is-layout-flow wp-block-column-is-layout-flow\">\n<h5 class=\"wp-block-heading alignwide has-text-align-center has-text-color has-background has-link-color wp-elements-18c4642a20ccc9ac2e47ea231894b732\" style=\"color:#ffffff;background-color:#ff66c4\">REJESTRACJA:<\/h5>\n\n\n\n<p class=\"has-text-align-center has-text-color has-link-color wp-elements-620fc39e608e9b25a81e6a09e9f16ad0\" style=\"color:#ffffff\">tel:&nbsp;&nbsp;<strong>608 050 485<\/strong><br>(w godzinach 8:00-15:00)<\/p>\n<\/div>\n<\/div>\n","protected":false},"excerpt":{"rendered":"<p>Tw\u00f3j Ginekolog Dr n. med. Tomasz Mago\u0144 Specjalista Ginekologii i Po\u0142o\u017cnictwa Specjalista endokrynologii ginekologicznej i medycyny rozrodu Androlog kliniczny Do\u015bwiadczenie zawodowe: Us\u0142ugi Prowadzenie ci\u0105\u017cy &#8211; opieka przedporodowa,&#8211; opieka poporodowa. USG [&hellip;]<\/p>\n","protected":false},"author":1,"featured_media":0,"parent":0,"menu_order":0,"comment_status":"closed","ping_status":"closed","template":"","meta":{"footnotes":""},"class_list":["post-14","page","type-page","status-publish","hentry"],"_links":{"self":[{"href":"https:\/\/tomaszmagon.pl\/index.php\/wp-json\/wp\/v2\/pages\/14","targetHints":{"allow":["GET"]}}],"collection":[{"href":"https:\/\/tomaszmagon.pl\/index.php\/wp-json\/wp\/v2\/pages"}],"about":[{"href":"https:\/\/tomaszmagon.pl\/index.php\/wp-json\/wp\/v2\/types\/page"}],"author":[{"embeddable":true,"href":"https:\/\/tomaszmagon.pl\/index.php\/wp-json\/wp\/v2\/users\/1"}],"replies":[{"embeddable":true,"href":"https:\/\/tomaszmagon.pl\/index.php\/wp-json\/wp\/v2\/comments?post=14"}],"version-history":[{"count":44,"href":"https:\/\/tomaszmagon.pl\/index.php\/wp-json\/wp\/v2\/pages\/14\/revisions"}],"predecessor-version":[{"id":107,"href":"https:\/\/tomaszmagon.pl\/index.php\/wp-json\/wp\/v2\/pages\/14\/revisions\/107"}],"wp:attachment":[{"href":"https:\/\/tomaszmagon.pl\/index.php\/wp-json\/wp\/v2\/media?parent=14"}],"curies":[{"name":"wp","href":"https:\/\/api.w.org\/{rel}","templated":true}]}}